{"id":32,"date":"2018-02-18T16:12:50","date_gmt":"2018-02-18T16:12:50","guid":{"rendered":"http:\/\/www.newblissmusic.com\/?page_id=32"},"modified":"2024-06-17T10:38:09","modified_gmt":"2024-06-17T10:38:09","slug":"ep-titel-invoegen","status":"publish","type":"page","link":"https:\/\/bongarth.nl\/newblissmusic\/ep-titel-invoegen\/","title":{"rendered":"Bio"},"content":{"rendered":"<p>New Bliss is een Nederlandse rockband. Wie luistert naar de muziek van New Bliss zal ongetwijfeld invloeden herkennen uit de alternatieve popscene van de 2000\u2019s, maar dan in een nieuw jasje gestoken. De band bestaat uit Renske en haar tweelingbroers Jelle en Jochem. Bas, gitaar, zang en drums; meer is er niet nodig om je mee te nemen in een energieke avond onvervalste hedendaagse rockmuziek. In 2018 bracht New Bliss haar debuut EP \u2018Perhaps Tomorrow\u2019 uit. De tweede EP \u2018I Know You Know\u2019 volgde ruim een jaar later. Beide EP\u2019s werden enthousiast ontvangen. En Hoe?\u00a0\u00a0Samen zijn deze EP\u2019s goed voor ruim 600.000 internationale streams op Spotify verspreid over 74 landen. Ook een leuk feitje is dat hun ballad \u2018Till We Meet Again\u2019 in tal van filmpjes wordt gebruikt op de app Tiktok. In juni 2024 brengt New Bliss het nummer Demons uit<\/p>\n<p dir=\"ltr\" data-placeholder=\"Vertaling\">\u00a0<\/p>\n\n\n<p>English:<\/p>\n\n\n\n<p>New Bliss is a Dutch rock band. Anyone who listens to the music of New Bliss will undoubtedly recognize influences from the alternative pop scene of the 2000s, but in a new guise. The band consists of Renske and her twin brothers Jelle and Jochem. Bass, guitar, vocals and drums; that&#8217;s all it takes to take you along on an energetic evening of genuine contemporary rock music. In 2018, New Bliss released its debut EP &#8216;Perhaps Tomorrow&#8217;. The second EP &#8216;I Know You Know&#8217; followed more than a year later. Both EPs were enthusiastically received. And how? Together, these EPs are good for more than 600,000 international streams on Spotify spread across 74 countries. Another fun fact is that their ballad &#8216;Till We Meet Again&#8217; is used in numerous videos on the app Tiktok. In June 2024, New Bliss will release the song Demons<\/p>\n\n\n\n<p><\/p>\n\n\n\n<p>Deutsch:<\/p>\n\n\n\n<p>New Bliss ist eine niederl\u00e4ndische Rockband. Wer sich ihre Musik anh\u00f6rt, wird zweifellos Einfl\u00fcsse aus der alternativen Popszene der 2000er Jahre wiedererkennen, allerdings in neuem Gewand.<br>Die Band besteht aus Renske und ihren Zwillingsbr\u00fcdern Jelle und Jochem. Bass, Gitarre, Gesang und Schlagzeug; mehr braucht es nicht, um Sie auf einen energiegeladenen Abend mit unverf\u00e4lschter zeitgen\u00f6ssischer Rockmusik zu entf\u00fchren. 2018 ver\u00f6ffentlichte New Bliss ihre Deb\u00fct-EP \u201ePerhaps Tomorrow\u201c. Die zweite EP &#8216;I Know You Know&#8217; folgte mehr als ein Jahr sp\u00e4ter. Beide EPs wurden vom Publikum begeistert aufgenommen. Und wie? Zusammen machen diese EPs mehr als 600.000 internationale Streams auf Spotify in 74 L\u00e4ndern aus. Ein fun fact ist auch, dass ihre Ballade &#8220;Till We Meet Again&#8221; in einer Reihe von Videos auf TikTok verwendet wird. Im Juni 2024 wird New Bliss den Song Demons ver\u00f6ffentlichen<\/p>\n\n\n\n<p><\/p>\n","protected":false},"excerpt":{"rendered":"<p>New Bliss is een Nederlandse rockband. Wie luistert naar de muziek van New Bliss zal ongetwijfeld invloeden herkennen uit de alternatieve popscene van de 2000\u2019s, maar dan in een nieuw jasje gestoken. De band bestaat uit Renske en haar tweelingbroers Jelle en Jochem. Bas, gitaar, zang en drums; meer is er niet nodig om je&hellip;<\/p>\n","protected":false},"author":1,"featured_media":0,"parent":0,"menu_order":0,"comment_status":"closed","ping_status":"closed","template":"","meta":{"footnotes":""},"class_list":["post-32","page","type-page","status-publish","hentry"],"_links":{"self":[{"href":"https:\/\/bongarth.nl\/newblissmusic\/wp-json\/wp\/v2\/pages\/32","targetHints":{"allow":["GET"]}}],"collection":[{"href":"https:\/\/bongarth.nl\/newblissmusic\/wp-json\/wp\/v2\/pages"}],"about":[{"href":"https:\/\/bongarth.nl\/newblissmusic\/wp-json\/wp\/v2\/types\/page"}],"author":[{"embeddable":true,"href":"https:\/\/bongarth.nl\/newblissmusic\/wp-json\/wp\/v2\/users\/1"}],"replies":[{"embeddable":true,"href":"https:\/\/bongarth.nl\/newblissmusic\/wp-json\/wp\/v2\/comments?post=32"}],"version-history":[{"count":21,"href":"https:\/\/bongarth.nl\/newblissmusic\/wp-json\/wp\/v2\/pages\/32\/revisions"}],"predecessor-version":[{"id":1256,"href":"https:\/\/bongarth.nl\/newblissmusic\/wp-json\/wp\/v2\/pages\/32\/revisions\/1256"}],"wp:attachment":[{"href":"https:\/\/bongarth.nl\/newblissmusic\/wp-json\/wp\/v2\/media?parent=32"}],"curies":[{"name":"wp","href":"https:\/\/api.w.org\/{rel}","templated":true}]}}